{"id":1595,"date":"2024-06-26T10:14:11","date_gmt":"2024-06-26T08:14:11","guid":{"rendered":"https:\/\/bustronome.com\/?page_id=1595"},"modified":"2026-02-16T14:43:59","modified_gmt":"2026-02-16T13:43:59","slug":"bustronome","status":"publish","type":"page","link":"https:\/\/bustronome.com\/sp\/","title":{"rendered":"Bustronome"},"content":{"rendered":"<div data-elementor-type=\"wp-page\" data-elementor-id=\"1595\" class=\"elementor elementor-1595\" data-elementor-post-type=\"page\">\n\t\t\t\t<div class=\"elementor-element elementor-element-836e7f5 e-flex e-con-boxed e-con e-parent\" data-id=\"836e7f5\" data-element_type=\"container\" data-e-type=\"container\" data-settings=\"{&quot;background_background&quot;:&quot;classic&quot;,&quot;jet_parallax_layout_list&quot;:[]}\">\n\t\t\t\t\t<div class=\"e-con-inner\">\n\t\t<div class=\"elementor-element elementor-element-7eac522 e-con-full e-flex e-con e-child\" data-id=\"7eac522\" data-element_type=\"container\" data-e-type=\"container\" data-settings=\"{&quot;jet_parallax_layout_list&quot;:[]}\">\n\t\t\t\t<div class=\"elementor-element elementor-element-5965d17 elementor-widget-mobile__width-initial elementor-widget elementor-widget-image\" data-id=\"5965d17\" data-element_type=\"widget\" data-e-type=\"widget\" data-widget_type=\"image.default\">\n\t\t\t\t<div class=\"elementor-widget-container\">\n\t\t\t\t\t\t\t\t\t\t\t\t\t\t\t<img fetchpriority=\"high\" decoding=\"async\" width=\"651\" height=\"121\" src=\"https:\/\/bustronome.com\/wp-content\/uploads\/2024\/11\/Bustronome-logo.svg\" class=\"attachment-2048x2048 size-2048x2048 wp-image-3992\" alt=\"\" \/>\t\t\t\t\t\t\t\t\t\t\t\t\t\t\t<\/div>\n\t\t\t\t<\/div>\n\t\t\t\t<div class=\"elementor-element elementor-element-434d5e3 elementor-nav-menu--dropdown-none elementor-nav-menu__align-end elementor-widget-mobile__width-initial elementor-widget elementor-widget-nav-menu\" data-id=\"434d5e3\" data-element_type=\"widget\" data-e-type=\"widget\" data-settings=\"{&quot;layout&quot;:&quot;horizontal&quot;,&quot;submenu_icon&quot;:{&quot;value&quot;:&quot;&lt;i class=\\&quot;fas fa-caret-down\\&quot; aria-hidden=\\&quot;true\\&quot;&gt;&lt;\\\/i&gt;&quot;,&quot;library&quot;:&quot;fa-solid&quot;}}\" data-widget_type=\"nav-menu.default\">\n\t\t\t\t<div class=\"elementor-widget-container\">\n\t\t\t\t\t\t\t\t<nav aria-label=\"Men\u00fa\" class=\"elementor-nav-menu--main elementor-nav-menu__container elementor-nav-menu--layout-horizontal e--pointer-none\">\n\t\t\t\t<ul id=\"menu-1-434d5e3\" class=\"elementor-nav-menu\"><li class=\"trp-language-switcher-container trp-menu-ls-item trp-menu-ls-desktop menu-item menu-item-type-post_type menu-item-object-language_switcher current-language-menu-item menu-item-3789\"><a href=\"https:\/\/bustronome.com\/sp\/wp-json\/wp\/v2\/pages\/1595\" class=\"elementor-item elementor-item-anchor\"><span class=\"trp-menu-ls-label\" data-no-translation title=\"English\"><span class=\"trp-ls-language-name\">English<\/span><\/span><\/a><\/li>\n<li class=\"trp-language-switcher-container trp-menu-ls-item trp-menu-ls-desktop menu-item menu-item-type-post_type menu-item-object-language_switcher current-language-menu-item menu-item-3790\"><a href=\"https:\/\/bustronome.com\/sp\/wp-json\/wp\/v2\/pages\/1595\" class=\"elementor-item elementor-item-anchor\"><span class=\"trp-menu-ls-label\" data-no-translation title=\"Fran\u00e7ais\"><span class=\"trp-ls-language-name\">Fran\u00e7ais<\/span><\/span><\/a><\/li>\n<li class=\"trp-language-switcher-container trp-menu-ls-item trp-menu-ls-desktop current-language-menu-item menu-item menu-item-type-post_type menu-item-object-language_switcher menu-item-3791\"><a href=\"https:\/\/bustronome.com\/sp\/wp-json\/wp\/v2\/pages\/1595\" class=\"elementor-item elementor-item-anchor\"><span class=\"trp-menu-ls-label\" data-no-translation title=\"Espa\u00f1ol\"><span class=\"trp-ls-language-name\">Espa\u00f1ol<\/span><\/span><\/a><\/li>\n<\/ul>\t\t\t<\/nav>\n\t\t\t\t\t\t<nav class=\"elementor-nav-menu--dropdown elementor-nav-menu__container\" aria-hidden=\"true\">\n\t\t\t\t<ul id=\"menu-2-434d5e3\" class=\"elementor-nav-menu\"><li class=\"trp-language-switcher-container trp-menu-ls-item trp-menu-ls-desktop menu-item menu-item-type-post_type menu-item-object-language_switcher current-language-menu-item menu-item-3789\"><a href=\"https:\/\/bustronome.com\/sp\/wp-json\/wp\/v2\/pages\/1595\" class=\"elementor-item elementor-item-anchor\" tabindex=\"-1\"><span class=\"trp-menu-ls-label\" data-no-translation title=\"English\"><span class=\"trp-ls-language-name\">English<\/span><\/span><\/a><\/li>\n<li class=\"trp-language-switcher-container trp-menu-ls-item trp-menu-ls-desktop menu-item menu-item-type-post_type menu-item-object-language_switcher current-language-menu-item menu-item-3790\"><a href=\"https:\/\/bustronome.com\/sp\/wp-json\/wp\/v2\/pages\/1595\" class=\"elementor-item elementor-item-anchor\" tabindex=\"-1\"><span class=\"trp-menu-ls-label\" data-no-translation title=\"Fran\u00e7ais\"><span class=\"trp-ls-language-name\">Fran\u00e7ais<\/span><\/span><\/a><\/li>\n<li class=\"trp-language-switcher-container trp-menu-ls-item trp-menu-ls-desktop current-language-menu-item menu-item menu-item-type-post_type menu-item-object-language_switcher menu-item-3791\"><a href=\"https:\/\/bustronome.com\/sp\/wp-json\/wp\/v2\/pages\/1595\" class=\"elementor-item elementor-item-anchor\" tabindex=\"-1\"><span class=\"trp-menu-ls-label\" data-no-translation title=\"Espa\u00f1ol\"><span class=\"trp-ls-language-name\">Espa\u00f1ol<\/span><\/span><\/a><\/li>\n<\/ul>\t\t\t<\/nav>\n\t\t\t\t\t\t<\/div>\n\t\t\t\t<\/div>\n\t\t\t\t<\/div>\n\t\t<div class=\"elementor-element elementor-element-ef35802 e-con-full e-flex e-con e-child\" data-id=\"ef35802\" data-element_type=\"container\" data-e-type=\"container\" data-settings=\"{&quot;jet_parallax_layout_list&quot;:[]}\">\n\t\t\t\t<div class=\"elementor-element elementor-element-6688752 elementor-widget__width-initial elementor-widget elementor-widget-heading\" data-id=\"6688752\" data-element_type=\"widget\" data-e-type=\"widget\" data-widget_type=\"heading.default\">\n\t\t\t\t<div class=\"elementor-widget-container\">\n\t\t\t\t\t<h1 class=\"elementor-heading-title elementor-size-default\">Descubra la ciudad de su elecci\u00f3n y disfrute de una comida bistron\u00f3mica <i>a bordo de un autob\u00fas de dos pisos.<\/i><\/h1>\t\t\t\t<\/div>\n\t\t\t\t<\/div>\n\t\t<a class=\"elementor-element elementor-element-d56fabd e-con-full e-flex e-con e-child\" data-id=\"d56fabd\" data-element_type=\"container\" data-e-type=\"container\" data-settings=\"{&quot;jet_parallax_layout_list&quot;:[]}\" href=\"https:\/\/bustronome.com\/sp\/paris\/\">\n\t\t\t\t<div class=\"elementor-element elementor-element-9dbccaa elementor-widget elementor-widget-image\" data-id=\"9dbccaa\" data-element_type=\"widget\" data-e-type=\"widget\" data-widget_type=\"image.default\">\n\t\t\t\t<div class=\"elementor-widget-container\">\n\t\t\t\t\t\t\t\t\t\t\t\t\t\t\t<img decoding=\"async\" width=\"72\" height=\"81\" src=\"https:\/\/bustronome.com\/wp-content\/uploads\/2024\/12\/PICTOS_PARIS.svg\" class=\"attachment-large size-large wp-image-4110\" alt=\"\" \/>\t\t\t\t\t\t\t\t\t\t\t\t\t\t\t<\/div>\n\t\t\t\t<\/div>\n\t\t\t\t<div class=\"elementor-element elementor-element-4907445 elementor-widget elementor-widget-heading\" data-id=\"4907445\" data-element_type=\"widget\" data-e-type=\"widget\" data-widget_type=\"heading.default\">\n\t\t\t\t<div class=\"elementor-widget-container\">\n\t\t\t\t\t<p class=\"elementor-heading-title elementor-size-default\">Paris<\/p>\t\t\t\t<\/div>\n\t\t\t\t<\/div>\n\t\t\t\t<\/a>\n\t\t<a class=\"elementor-element elementor-element-eb5ec2e e-con-full e-flex e-con e-child\" data-id=\"eb5ec2e\" data-element_type=\"container\" data-e-type=\"container\" data-settings=\"{&quot;jet_parallax_layout_list&quot;:[]}\" href=\"https:\/\/bustronome.com\/sp\/londres\/\">\n\t\t\t\t<div class=\"elementor-element elementor-element-755da85 elementor-widget elementor-widget-image\" data-id=\"755da85\" data-element_type=\"widget\" data-e-type=\"widget\" data-widget_type=\"image.default\">\n\t\t\t\t<div class=\"elementor-widget-container\">\n\t\t\t\t\t\t\t\t\t\t\t\t\t\t\t<img decoding=\"async\" width=\"72\" height=\"81\" src=\"https:\/\/bustronome.com\/wp-content\/uploads\/2024\/12\/PICTOS_LONDRES.svg\" class=\"attachment-large size-large wp-image-4108\" alt=\"\" \/>\t\t\t\t\t\t\t\t\t\t\t\t\t\t\t<\/div>\n\t\t\t\t<\/div>\n\t\t\t\t<div class=\"elementor-element elementor-element-39a7880 elementor-widget elementor-widget-heading\" data-id=\"39a7880\" data-element_type=\"widget\" data-e-type=\"widget\" data-widget_type=\"heading.default\">\n\t\t\t\t<div class=\"elementor-widget-container\">\n\t\t\t\t\t<p class=\"elementor-heading-title elementor-size-default\">Londres<\/p>\t\t\t\t<\/div>\n\t\t\t\t<\/div>\n\t\t\t\t<\/a>\n\t\t<a class=\"elementor-element elementor-element-b3cba07 e-con-full e-flex e-con e-child\" data-id=\"b3cba07\" data-element_type=\"container\" data-e-type=\"container\" data-settings=\"{&quot;jet_parallax_layout_list&quot;:[]}\" href=\"https:\/\/bustronome.com\/sp\/nueva-york\/\">\n\t\t\t\t<div class=\"elementor-element elementor-element-2531166 elementor-widget elementor-widget-image\" data-id=\"2531166\" data-element_type=\"widget\" data-e-type=\"widget\" data-widget_type=\"image.default\">\n\t\t\t\t<div class=\"elementor-widget-container\">\n\t\t\t\t\t\t\t\t\t\t\t\t\t\t\t<img loading=\"lazy\" decoding=\"async\" width=\"72\" height=\"81\" src=\"https:\/\/bustronome.com\/wp-content\/uploads\/2024\/12\/PICTOS_NEWYORK.svg\" class=\"attachment-large size-large wp-image-4109\" alt=\"\" \/>\t\t\t\t\t\t\t\t\t\t\t\t\t\t\t<\/div>\n\t\t\t\t<\/div>\n\t\t\t\t<div class=\"elementor-element elementor-element-bfb10ac elementor-widget elementor-widget-heading\" data-id=\"bfb10ac\" data-element_type=\"widget\" data-e-type=\"widget\" data-widget_type=\"heading.default\">\n\t\t\t\t<div class=\"elementor-widget-container\">\n\t\t\t\t\t<p class=\"elementor-heading-title elementor-size-default\">Nueva York<\/p>\t\t\t\t<\/div>\n\t\t\t\t<\/div>\n\t\t\t\t<\/a>\n\t\t<a class=\"elementor-element elementor-element-4025468 e-con-full e-flex e-con e-child\" data-id=\"4025468\" data-element_type=\"container\" data-e-type=\"container\" data-settings=\"{&quot;jet_parallax_layout_list&quot;:[]}\" href=\"https:\/\/bustronome.com\/sp\/dubai\/\">\n\t\t\t\t<div class=\"elementor-element elementor-element-cc68b0a elementor-widget elementor-widget-image\" data-id=\"cc68b0a\" data-element_type=\"widget\" data-e-type=\"widget\" data-widget_type=\"image.default\">\n\t\t\t\t<div class=\"elementor-widget-container\">\n\t\t\t\t\t\t\t\t\t\t\t\t\t\t\t<img loading=\"lazy\" decoding=\"async\" width=\"72\" height=\"81\" src=\"https:\/\/bustronome.com\/wp-content\/uploads\/2025\/10\/Ico-Dubai.svg\" class=\"attachment-large size-large wp-image-5028\" alt=\"\" \/>\t\t\t\t\t\t\t\t\t\t\t\t\t\t\t<\/div>\n\t\t\t\t<\/div>\n\t\t\t\t<div class=\"elementor-element elementor-element-348a7f7 elementor-widget elementor-widget-heading\" data-id=\"348a7f7\" data-element_type=\"widget\" data-e-type=\"widget\" data-widget_type=\"heading.default\">\n\t\t\t\t<div class=\"elementor-widget-container\">\n\t\t\t\t\t<p class=\"elementor-heading-title elementor-size-default\">Dubai<\/p>\t\t\t\t<\/div>\n\t\t\t\t<\/div>\n\t\t\t\t<\/a>\n\t\t\t\t<\/div>\n\t\t\t\t\t<\/div>\n\t\t\t\t<\/div>\n\t\t\t\t<\/div>","protected":false},"excerpt":{"rendered":"<p>Descubra la ciudad de su elecci\u00f3n y disfrute de una comida bistron\u00f3mica a bordo de un autob\u00fas de dos pisos. Par\u00eds Londres Nueva York Dubai<\/p>","protected":false},"author":1,"featured_media":4579,"parent":0,"menu_order":0,"comment_status":"closed","ping_status":"closed","template":"elementor_canvas","meta":{"footnotes":""},"class_list":["post-1595","page","type-page","status-publish","has-post-thumbnail","hentry"],"yoast_head":"<!-- This site is optimized with the Yoast SEO plugin v27.2 - https:\/\/yoast.com\/product\/yoast-seo-wordpress\/ -->\n<title>Bustronome : Restaurant gastronomique \u00e0 bord d&#039;un bus imp\u00e9rial<\/title>\n<meta name=\"description\" content=\"Vivez une exp\u00e9rience gastronomique unique \u00e0 bord du Bustronome, un bus \u00e0 imp\u00e9riale avec toit vitr\u00e9. Savourez des plats d&#039;exception tout en admirant les monuments parisiens embl\u00e9matiques. R\u00e9servez d\u00e8s maintenant pour un voyage gourmand inoubliable !\" \/>\n<meta name=\"robots\" content=\"index, follow, max-snippet:-1, max-image-preview:large, max-video-preview:-1\" \/>\n<link rel=\"canonical\" href=\"https:\/\/bustronome.com\/sp\/\" \/>\n<meta property=\"og:locale\" content=\"es_ES\" \/>\n<meta property=\"og:type\" content=\"article\" \/>\n<meta property=\"og:title\" content=\"Bustronome : Restaurant gastronomique \u00e0 bord d&#039;un bus imp\u00e9rial\" \/>\n<meta property=\"og:description\" content=\"Vivez une exp\u00e9rience gastronomique unique \u00e0 bord du Bustronome, un bus \u00e0 imp\u00e9riale avec toit vitr\u00e9. Savourez des plats d&#039;exception tout en admirant les monuments parisiens embl\u00e9matiques. R\u00e9servez d\u00e8s maintenant pour un voyage gourmand inoubliable !\" \/>\n<meta property=\"og:url\" content=\"https:\/\/bustronome.com\/sp\/\" \/>\n<meta property=\"og:site_name\" content=\"Bustronome\" \/>\n<meta property=\"article:modified_time\" content=\"2026-02-16T13:43:59+00:00\" \/>\n<meta property=\"og:image\" content=\"https:\/\/bustronome.com\/wp-content\/uploads\/2025\/06\/Bustronome-47.jpg\" \/>\n\t<meta property=\"og:image:width\" content=\"800\" \/>\n\t<meta property=\"og:image:height\" content=\"534\" \/>\n\t<meta property=\"og:image:type\" content=\"image\/jpeg\" \/>\n<meta name=\"twitter:card\" content=\"summary_large_image\" \/>\n<meta name=\"twitter:label1\" content=\"Tiempo de lectura\" \/>\n\t<meta name=\"twitter:data1\" content=\"2 minutos\" \/>\n<script type=\"application\/ld+json\" class=\"yoast-schema-graph\">{\"@context\":\"https:\/\/schema.org\",\"@graph\":[{\"@type\":\"WebPage\",\"@id\":\"https:\/\/bustronome.com\/\",\"url\":\"https:\/\/bustronome.com\/\",\"name\":\"Bustronome : Restaurant gastronomique \u00e0 bord d'un bus imp\u00e9rial\",\"isPartOf\":{\"@id\":\"https:\/\/bustronome.com\/#website\"},\"primaryImageOfPage\":{\"@id\":\"https:\/\/bustronome.com\/#primaryimage\"},\"image\":{\"@id\":\"https:\/\/bustronome.com\/#primaryimage\"},\"thumbnailUrl\":\"https:\/\/bustronome.com\/wp-content\/uploads\/2025\/06\/Bustronome-47.jpg\",\"datePublished\":\"2024-06-26T08:14:11+00:00\",\"dateModified\":\"2026-02-16T13:43:59+00:00\",\"description\":\"Vivez une exp\u00e9rience gastronomique unique \u00e0 bord du Bustronome, un bus \u00e0 imp\u00e9riale avec toit vitr\u00e9. Savourez des plats d'exception tout en admirant les monuments parisiens embl\u00e9matiques. R\u00e9servez d\u00e8s maintenant pour un voyage gourmand inoubliable !\",\"breadcrumb\":{\"@id\":\"https:\/\/bustronome.com\/#breadcrumb\"},\"inLanguage\":\"es\",\"potentialAction\":[{\"@type\":\"ReadAction\",\"target\":[\"https:\/\/bustronome.com\/\"]}]},{\"@type\":\"ImageObject\",\"inLanguage\":\"es\",\"@id\":\"https:\/\/bustronome.com\/#primaryimage\",\"url\":\"https:\/\/bustronome.com\/wp-content\/uploads\/2025\/06\/Bustronome-47.jpg\",\"contentUrl\":\"https:\/\/bustronome.com\/wp-content\/uploads\/2025\/06\/Bustronome-47.jpg\",\"width\":800,\"height\":534},{\"@type\":\"BreadcrumbList\",\"@id\":\"https:\/\/bustronome.com\/#breadcrumb\",\"itemListElement\":[{\"@type\":\"ListItem\",\"position\":1,\"name\":\"Accueil\",\"item\":\"https:\/\/bustronome.com\/\"},{\"@type\":\"ListItem\",\"position\":2,\"name\":\"Bustronome\"}]},{\"@type\":\"WebSite\",\"@id\":\"https:\/\/bustronome.com\/#website\",\"url\":\"https:\/\/bustronome.com\/\",\"name\":\"Bustronome\",\"description\":\"Votre restaurant gastronomique \u00e0 bord d&#039;un bus imp\u00e9riale\",\"publisher\":{\"@id\":\"https:\/\/bustronome.com\/#organization\"},\"potentialAction\":[{\"@type\":\"SearchAction\",\"target\":{\"@type\":\"EntryPoint\",\"urlTemplate\":\"https:\/\/bustronome.com\/?s={search_term_string}\"},\"query-input\":{\"@type\":\"PropertyValueSpecification\",\"valueRequired\":true,\"valueName\":\"search_term_string\"}}],\"inLanguage\":\"es\"},{\"@type\":\"Organization\",\"@id\":\"https:\/\/bustronome.com\/#organization\",\"name\":\"Bustronome\",\"url\":\"https:\/\/bustronome.com\/\",\"logo\":{\"@type\":\"ImageObject\",\"inLanguage\":\"es\",\"@id\":\"https:\/\/bustronome.com\/#\/schema\/logo\/image\/\",\"url\":\"https:\/\/bustronome.com\/wp-content\/uploads\/2023\/01\/Bustronome-logo.svg\",\"contentUrl\":\"https:\/\/bustronome.com\/wp-content\/uploads\/2023\/01\/Bustronome-logo.svg\",\"width\":164,\"height\":112,\"caption\":\"Bustronome\"},\"image\":{\"@id\":\"https:\/\/bustronome.com\/#\/schema\/logo\/image\/\"}}]}<\/script>\n<!-- \/ Yoast SEO plugin. -->","yoast_head_json":{"title":"Bustronome: restaurante gastron\u00f3mico a bordo de un autob\u00fas de dos pisos","description":"Disfrute de una experiencia gastron\u00f3mica \u00fanica a bordo del Bustronome, un autob\u00fas de dos pisos con techo de cristal. Saboree platos excepcionales mientras admira los emblem\u00e1ticos monumentos parisinos. \u00a1Reserve ahora para disfrutar de un viaje gastron\u00f3mico inolvidable!","robots":{"index":"index","follow":"follow","max-snippet":"max-snippet:-1","max-image-preview":"max-image-preview:large","max-video-preview":"max-video-preview:-1"},"canonical":"https:\/\/bustronome.com\/sp\/","og_locale":"es_ES","og_type":"article","og_title":"Bustronome : Restaurant gastronomique \u00e0 bord d'un bus imp\u00e9rial","og_description":"Vivez une exp\u00e9rience gastronomique unique \u00e0 bord du Bustronome, un bus \u00e0 imp\u00e9riale avec toit vitr\u00e9. Savourez des plats d'exception tout en admirant les monuments parisiens embl\u00e9matiques. R\u00e9servez d\u00e8s maintenant pour un voyage gourmand inoubliable !","og_url":"https:\/\/bustronome.com\/sp\/","og_site_name":"Bustronome","article_modified_time":"2026-02-16T13:43:59+00:00","og_image":[{"width":800,"height":534,"url":"https:\/\/bustronome.com\/wp-content\/uploads\/2025\/06\/Bustronome-47.jpg","type":"image\/jpeg"}],"twitter_card":"summary_large_image","twitter_misc":{"Tiempo de lectura":"2 minutos"},"schema":{"@context":"https:\/\/schema.org","@graph":[{"@type":"WebPage","@id":"https:\/\/bustronome.com\/","url":"https:\/\/bustronome.com\/","name":"Bustronome: restaurante gastron\u00f3mico a bordo de un autob\u00fas de dos pisos","isPartOf":{"@id":"https:\/\/bustronome.com\/#website"},"primaryImageOfPage":{"@id":"https:\/\/bustronome.com\/#primaryimage"},"image":{"@id":"https:\/\/bustronome.com\/#primaryimage"},"thumbnailUrl":"https:\/\/bustronome.com\/wp-content\/uploads\/2025\/06\/Bustronome-47.jpg","datePublished":"2024-06-26T08:14:11+00:00","dateModified":"2026-02-16T13:43:59+00:00","description":"Disfrute de una experiencia gastron\u00f3mica \u00fanica a bordo del Bustronome, un autob\u00fas de dos pisos con techo de cristal. Saboree platos excepcionales mientras admira los emblem\u00e1ticos monumentos parisinos. \u00a1Reserve ahora para disfrutar de un viaje gastron\u00f3mico inolvidable!","breadcrumb":{"@id":"https:\/\/bustronome.com\/#breadcrumb"},"inLanguage":"es","potentialAction":[{"@type":"ReadAction","target":["https:\/\/bustronome.com\/"]}]},{"@type":"ImageObject","inLanguage":"es","@id":"https:\/\/bustronome.com\/#primaryimage","url":"https:\/\/bustronome.com\/wp-content\/uploads\/2025\/06\/Bustronome-47.jpg","contentUrl":"https:\/\/bustronome.com\/wp-content\/uploads\/2025\/06\/Bustronome-47.jpg","width":800,"height":534},{"@type":"BreadcrumbList","@id":"https:\/\/bustronome.com\/#breadcrumb","itemListElement":[{"@type":"ListItem","position":1,"name":"Accueil","item":"https:\/\/bustronome.com\/"},{"@type":"ListItem","position":2,"name":"Bustronome"}]},{"@type":"WebSite","@id":"https:\/\/bustronome.com\/#website","url":"https:\/\/bustronome.com\/","name":"Bustronome","description":"Su restaurante gastron\u00f3mico a bordo de un autob\u00fas de dos pisos","publisher":{"@id":"https:\/\/bustronome.com\/#organization"},"potentialAction":[{"@type":"SearchAction","target":{"@type":"EntryPoint","urlTemplate":"https:\/\/bustronome.com\/?s={search_term_string}"},"query-input":{"@type":"PropertyValueSpecification","valueRequired":true,"valueName":"search_term_string"}}],"inLanguage":"es"},{"@type":"Organization","@id":"https:\/\/bustronome.com\/#organization","name":"Bustronome","url":"https:\/\/bustronome.com\/","logo":{"@type":"ImageObject","inLanguage":"es","@id":"https:\/\/bustronome.com\/#\/schema\/logo\/image\/","url":"https:\/\/bustronome.com\/wp-content\/uploads\/2023\/01\/Bustronome-logo.svg","contentUrl":"https:\/\/bustronome.com\/wp-content\/uploads\/2023\/01\/Bustronome-logo.svg","width":164,"height":112,"caption":"Bustronome"},"image":{"@id":"https:\/\/bustronome.com\/#\/schema\/logo\/image\/"}}]}},"_links":{"self":[{"href":"https:\/\/bustronome.com\/sp\/wp-json\/wp\/v2\/pages\/1595","targetHints":{"allow":["GET"]}}],"collection":[{"href":"https:\/\/bustronome.com\/sp\/wp-json\/wp\/v2\/pages"}],"about":[{"href":"https:\/\/bustronome.com\/sp\/wp-json\/wp\/v2\/types\/page"}],"author":[{"embeddable":true,"href":"https:\/\/bustronome.com\/sp\/wp-json\/wp\/v2\/users\/1"}],"replies":[{"embeddable":true,"href":"https:\/\/bustronome.com\/sp\/wp-json\/wp\/v2\/comments?post=1595"}],"version-history":[{"count":5,"href":"https:\/\/bustronome.com\/sp\/wp-json\/wp\/v2\/pages\/1595\/revisions"}],"predecessor-version":[{"id":5771,"href":"https:\/\/bustronome.com\/sp\/wp-json\/wp\/v2\/pages\/1595\/revisions\/5771"}],"wp:featuredmedia":[{"embeddable":true,"href":"https:\/\/bustronome.com\/sp\/wp-json\/wp\/v2\/media\/4579"}],"wp:attachment":[{"href":"https:\/\/bustronome.com\/sp\/wp-json\/wp\/v2\/media?parent=1595"}],"curies":[{"name":"wp","href":"https:\/\/api.w.org\/{rel}","templated":true}]}}